{"id":2036,"date":"2025-10-27T16:40:10","date_gmt":"2025-10-27T15:40:10","guid":{"rendered":"https:\/\/frogcast.com\/?page_id=2036"},"modified":"2026-02-13T10:57:12","modified_gmt":"2026-02-13T09:57:12","slug":"agenda","status":"publish","type":"page","link":"https:\/\/frogcast.com\/fr\/calendar\/","title":{"rendered":"Calendar of trade shows and events"},"content":{"rendered":"<div data-elementor-type=\"wp-page\" data-elementor-id=\"2036\" class=\"elementor elementor-2036\" data-elementor-post-type=\"page\">\n\t\t\t\t<div class=\"elementor-element elementor-element-f012c59 e-flex e-con-boxed e-con e-parent\" data-id=\"f012c59\" data-element_type=\"container\" data-e-type=\"container\" data-settings=\"{&quot;background_background&quot;:&quot;classic&quot;}\">\n\t\t\t\t\t<div class=\"e-con-inner\">\n\t\t\t\t<div class=\"elementor-element elementor-element-00bb0a7 elementor-widget elementor-widget-heading\" data-id=\"00bb0a7\" data-element_type=\"widget\" data-e-type=\"widget\" data-widget_type=\"heading.default\">\n\t\t\t\t\t<h1 class=\"elementor-heading-title elementor-size-default\">\u00c9v\u00e8nements \u00e0 venir<\/h1>\t\t\t\t<\/div>\n\t\t\t\t<div class=\"elementor-element elementor-element-8d43b59 elementor-widget elementor-widget-heading\" data-id=\"8d43b59\" data-element_type=\"widget\" data-e-type=\"widget\" data-widget_type=\"heading.default\">\n\t\t\t\t\t<h2 class=\"elementor-heading-title elementor-size-default\">Notre prochain salon<\/h2>\t\t\t\t<\/div>\n\t\t<div class=\"elementor-element elementor-element-841422d e-con-full e-flex elementor-invisible e-con e-child\" data-id=\"841422d\" data-element_type=\"container\" data-e-type=\"container\" data-settings=\"{&quot;background_background&quot;:&quot;classic&quot;,&quot;animation&quot;:&quot;fadeInUp&quot;}\">\n\t\t<div class=\"elementor-element elementor-element-61c41c8 e-con-full e-flex e-con e-child\" data-id=\"61c41c8\" data-element_type=\"container\" data-e-type=\"container\">\n\t\t\t\t<div class=\"elementor-element elementor-element-a42e6f4 elementor-widget elementor-widget-heading\" data-id=\"a42e6f4\" data-element_type=\"widget\" data-e-type=\"widget\" data-widget_type=\"heading.default\">\n\t\t\t\t\t<h3 class=\"elementor-heading-title elementor-size-default\">FROGCAST \u00e0 Intersolar Europe<\/h3>\t\t\t\t<\/div>\n\t\t\t\t<div class=\"elementor-element elementor-element-a6bd86a elementor-widget elementor-widget-heading\" data-id=\"a6bd86a\" data-element_type=\"widget\" data-e-type=\"widget\" data-widget_type=\"heading.default\">\n\t\t\t\t\t<div class=\"elementor-heading-title elementor-size-default\">23\u201325 juin 2026, Messe M\u00fcnchen<\/div>\t\t\t\t<\/div>\n\t\t\t\t<div class=\"elementor-element elementor-element-5003e52 elementor-widget elementor-widget-text-editor\" data-id=\"5003e52\" data-element_type=\"widget\" data-e-type=\"widget\" data-widget_type=\"text-editor.default\">\n\t\t\t\t\t\t\t\t\t<p>FROGCAST sera pr\u00e9sent \u00e0 Intersolar Europe 2026 \u00e0 Munich, sur le m\u00eame stand que Steadysun.<\/p><p>Fournisseur de solutions de pr\u00e9vision m\u00e9t\u00e9o haute pr\u00e9cision pour les applications professionnelles dans le monde entier, FROGCAST accompagne la prise de d\u00e9cision <strong>partout o\u00f9 la m\u00e9t\u00e9o influence les op\u00e9rations, la performance ou la gestion des risques<\/strong>.<\/p><p>M\u00eame si Intersolar est principalement orient\u00e9 vers le secteur solaire, notre \u00e9quipe sera disponible tout au long de l\u2019\u00e9v\u00e9nement pour \u00e9changer sur les enjeux plus larges li\u00e9s aux pr\u00e9visions, aux m\u00e9thodologies et aux solutions de donn\u00e9es. Si vous souhaitez poser vos questions sur <strong>l\u2019intelligence m\u00e9t\u00e9o, la pr\u00e9vision op\u00e9rationnelle ou la mod\u00e9lisation m\u00e9t\u00e9orologique avanc\u00e9e<\/strong>, nous serons ravis de vous accueillir sur notre stand.<\/p><p>Nous avons h\u00e2te de vous rencontrer \u00e0 Munich !<\/p>\t\t\t\t\t\t\t\t<\/div>\n\t\t\t\t<div class=\"elementor-element elementor-element-5f77e06 elementor-widget elementor-widget-button\" data-id=\"5f77e06\" data-element_type=\"widget\" data-e-type=\"widget\" data-widget_type=\"button.default\">\n\t\t\t\t\t\t\t\t\t\t<a class=\"elementor-button elementor-button-link elementor-size-sm\" href=\"https:\/\/www.intersolar.de\/home\" target=\"_blank\">\n\t\t\t\t\t\t<span class=\"elementor-button-content-wrapper\">\n\t\t\t\t\t\t<span class=\"elementor-button-icon\">\n\t\t\t\t<svg aria-hidden=\"true\" class=\"e-font-icon-svg e-fas-chevron-right\" viewbox=\"0 0 320 512\" xmlns=\"http:\/\/www.w3.org\/2000\/svg\"><path d=\"M285.476 272.971L91.132 467.314c-9.373 9.373-24.569 9.373-33.941 0l-22.667-22.667c-9.357-9.357-9.375-24.522-.04-33.901L188.505 256 34.484 101.255c-9.335-9.379-9.317-24.544.04-33.901l22.667-22.667c9.373-9.373 24.569-9.373 33.941 0L285.475 239.03c9.373 9.372 9.373 24.568.001 33.941z\"><\/path><\/svg>\t\t\t<\/span>\n\t\t\t\t\t\t\t\t\t<span class=\"elementor-button-text\">Site web de l'\u00e9v\u00e9nement<\/span>\n\t\t\t\t\t<\/span>\n\t\t\t\t\t<\/a>\n\t\t\t\t\t\t\t\t<\/div>\n\t\t\t\t<\/div>\n\t\t<div class=\"elementor-element elementor-element-7f882d5 e-con-full e-flex e-con e-child\" data-id=\"7f882d5\" data-element_type=\"container\" data-e-type=\"container\">\n\t\t\t\t<div class=\"elementor-element elementor-element-389125d elementor-widget elementor-widget-image\" data-id=\"389125d\" data-element_type=\"widget\" data-e-type=\"widget\" data-widget_type=\"image.default\">\n\t\t\t\t\t\t\t\t\t\t\t\t\t\t\t<img fetchpriority=\"high\" decoding=\"async\" width=\"800\" height=\"800\" src=\"https:\/\/frogcast.com\/wp-content\/uploads\/2026\/02\/intersolar_logo-1024x1024.png\" class=\"attachment-large size-large wp-image-3545\" alt=\"Intersolar Europe 2026 Logo\" srcset=\"https:\/\/frogcast.com\/wp-content\/uploads\/2026\/02\/intersolar_logo-1024x1024.png 1024w, https:\/\/frogcast.com\/wp-content\/uploads\/2026\/02\/intersolar_logo-300x300.png 300w, https:\/\/frogcast.com\/wp-content\/uploads\/2026\/02\/intersolar_logo-150x150.png 150w, https:\/\/frogcast.com\/wp-content\/uploads\/2026\/02\/intersolar_logo-768x768.png 768w, https:\/\/frogcast.com\/wp-content\/uploads\/2026\/02\/intersolar_logo-12x12.png 12w, https:\/\/frogcast.com\/wp-content\/uploads\/2026\/02\/intersolar_logo.png 1075w\" sizes=\"(max-width: 800px) 100vw, 800px\" \/>\t\t\t\t\t\t\t\t\t\t\t\t\t\t\t<\/div>\n\t\t\t\t<div class=\"elementor-element elementor-element-be92876 elementor-align-right elementor-tablet-align-justify cta-button cta-contact elementor-widget elementor-widget-button\" data-id=\"be92876\" data-element_type=\"widget\" data-e-type=\"widget\" data-widget_type=\"button.default\">\n\t\t\t\t\t\t\t\t\t\t<a class=\"elementor-button elementor-button-link elementor-size-sm elementor-animation-grow\" href=\"https:\/\/frogcast.com\/fr\/contact-us\/\">\n\t\t\t\t\t\t<span class=\"elementor-button-content-wrapper\">\n\t\t\t\t\t\t\t\t\t<span class=\"elementor-button-text\">Je prends rendez-vous !<\/span>\n\t\t\t\t\t<\/span>\n\t\t\t\t\t<\/a>\n\t\t\t\t\t\t\t\t<\/div>\n\t\t\t\t<div class=\"elementor-element elementor-element-dd6a460 elementor-countdown--label-block elementor-widget elementor-widget-countdown\" data-id=\"dd6a460\" data-element_type=\"widget\" data-e-type=\"widget\" data-widget_type=\"countdown.default\">\n\t\t\t\t\t\t\t<div class=\"elementor-countdown-wrapper\" data-date=\"1782198000\">\n\t\t\t<div class=\"elementor-countdown-item\"><span class=\"elementor-countdown-digits elementor-countdown-days\"><\/span> <span class=\"elementor-countdown-label\">Jours<\/span><\/div><div class=\"elementor-countdown-item\"><span class=\"elementor-countdown-digits elementor-countdown-hours\"><\/span> <span class=\"elementor-countdown-label\">Heures<\/span><\/div><div class=\"elementor-countdown-item\"><span class=\"elementor-countdown-digits elementor-countdown-minutes\"><\/span> <span class=\"elementor-countdown-label\">Minutes<\/span><\/div><div class=\"elementor-countdown-item\"><span class=\"elementor-countdown-digits elementor-countdown-seconds\"><\/span> <span class=\"elementor-countdown-label\">Secondes<\/span><\/div>\t\t<\/div>\n\t\t\t\t\t\t<\/div>\n\t\t\t\t<\/div>\n\t\t\t\t<\/div>\n\t\t\t\t\t<\/div>\n\t\t\t\t<\/div>\n\t\t<div class=\"elementor-element elementor-element-1dce2bca elementor-hidden-desktop elementor-hidden-tablet elementor-hidden-mobile e-flex e-con-boxed e-con e-parent\" data-id=\"1dce2bca\" data-element_type=\"container\" data-e-type=\"container\" data-settings=\"{&quot;background_background&quot;:&quot;classic&quot;}\">\n\t\t\t\t\t<div class=\"e-con-inner\">\n\t\t<div class=\"elementor-element elementor-element-63a5c23f e-con-full e-flex e-con e-child\" data-id=\"63a5c23f\" data-element_type=\"container\" data-e-type=\"container\">\n\t\t<div class=\"elementor-element elementor-element-67d9f27 e-con-full e-flex elementor-invisible e-con e-child\" data-id=\"67d9f27\" data-element_type=\"container\" data-e-type=\"container\" data-settings=\"{&quot;background_background&quot;:&quot;classic&quot;,&quot;animation&quot;:&quot;fadeInUp&quot;}\">\n\t\t\t\t<div class=\"elementor-element elementor-element-4c1332c elementor-cta--layout-image-above elementor-widget__width-inherit elementor-cta--skin-classic elementor-animated-content elementor-bg-transform elementor-bg-transform-zoom-in elementor-widget elementor-widget-call-to-action\" data-id=\"4c1332c\" data-element_type=\"widget\" data-e-type=\"widget\" data-widget_type=\"call-to-action.default\">\n\t\t\t\t\t\t\t<div class=\"elementor-cta\">\n\t\t\t\t\t<div class=\"elementor-cta__bg-wrapper\">\n\t\t\t\t<div class=\"elementor-cta__bg elementor-bg\" style=\"background-image: url(https:\/\/frogcast.com\/wp-content\/uploads\/2025\/10\/salon-agriculture-logo-768x403.webp);\" role=\"img\" aria-label=\"Logo of the International Agricultural Show with colorful pictograms\"><\/div>\n\t\t\t\t<div class=\"elementor-cta__bg-overlay\"><\/div>\n\t\t\t<\/div>\n\t\t\t\t\t\t\t<div class=\"elementor-cta__content\">\n\t\t\t\t\n\t\t\t\t\t\t\t\t\t<h3 class=\"elementor-cta__title elementor-cta__content-item elementor-content-item\">\n\t\t\t\t\t\tSalon de l'Agriculture, the event dedicated to agriculture\t\t\t\t\t<\/h3>\n\t\t\t\t\n\t\t\t\t\t\t\t\t\t<div class=\"elementor-cta__description elementor-cta__content-item elementor-content-item\">\n\t\t\t\t\t\tPorte de Versailles - Paris, February 22 - 2 march 2025\t\t\t\t\t<\/div>\n\t\t\t\t\n\t\t\t\t\t\t\t<\/div>\n\t\t\t\t\t\t<\/div>\n\t\t\t\t\t\t<\/div>\n\t\t\t\t<div class=\"elementor-element elementor-element-44ffe0d elementor-widget elementor-widget-button\" data-id=\"44ffe0d\" data-element_type=\"widget\" data-e-type=\"widget\" data-widget_type=\"button.default\">\n\t\t\t\t\t\t\t\t\t\t<a class=\"elementor-button elementor-button-link elementor-size-sm\" href=\"#\">\n\t\t\t\t\t\t<span class=\"elementor-button-content-wrapper\">\n\t\t\t\t\t\t<span class=\"elementor-button-icon\">\n\t\t\t\t<svg aria-hidden=\"true\" class=\"e-font-icon-svg e-fas-chevron-right\" viewbox=\"0 0 320 512\" xmlns=\"http:\/\/www.w3.org\/2000\/svg\"><path d=\"M285.476 272.971L91.132 467.314c-9.373 9.373-24.569 9.373-33.941 0l-22.667-22.667c-9.357-9.357-9.375-24.522-.04-33.901L188.505 256 34.484 101.255c-9.335-9.379-9.317-24.544.04-33.901l22.667-22.667c9.373-9.373 24.569-9.373 33.941 0L285.475 239.03c9.373 9.372 9.373 24.568.001 33.941z\"><\/path><\/svg>\t\t\t<\/span>\n\t\t\t\t\t\t\t\t\t<span class=\"elementor-button-text\">Site web de l'\u00e9v\u00e9nement<\/span>\n\t\t\t\t\t<\/span>\n\t\t\t\t\t<\/a>\n\t\t\t\t\t\t\t\t<\/div>\n\t\t\t\t<\/div>\n\t\t<div class=\"elementor-element elementor-element-d4662d0 e-con-full e-flex elementor-invisible e-con e-child\" data-id=\"d4662d0\" data-element_type=\"container\" data-e-type=\"container\" data-settings=\"{&quot;background_background&quot;:&quot;classic&quot;,&quot;animation&quot;:&quot;fadeInUp&quot;}\">\n\t\t\t\t<div class=\"elementor-element elementor-element-1d19c46 elementor-cta--layout-image-above elementor-widget__width-inherit elementor-cta--skin-classic elementor-animated-content elementor-bg-transform elementor-bg-transform-zoom-in elementor-widget elementor-widget-call-to-action\" data-id=\"1d19c46\" data-element_type=\"widget\" data-e-type=\"widget\" data-widget_type=\"call-to-action.default\">\n\t\t\t\t\t\t\t<div class=\"elementor-cta\">\n\t\t\t\t\t<div class=\"elementor-cta__bg-wrapper\">\n\t\t\t\t<div class=\"elementor-cta__bg elementor-bg\" style=\"background-image: url(https:\/\/frogcast.com\/wp-content\/uploads\/2025\/10\/salon-agriculture-logo-768x403.webp);\" role=\"img\" aria-label=\"Logo of the International Agricultural Show with colorful pictograms\"><\/div>\n\t\t\t\t<div class=\"elementor-cta__bg-overlay\"><\/div>\n\t\t\t<\/div>\n\t\t\t\t\t\t\t<div class=\"elementor-cta__content\">\n\t\t\t\t\n\t\t\t\t\t\t\t\t\t<h3 class=\"elementor-cta__title elementor-cta__content-item elementor-content-item\">\n\t\t\t\t\t\tSalon de l'Agriculture, the event dedicated to agriculture\t\t\t\t\t<\/h3>\n\t\t\t\t\n\t\t\t\t\t\t\t\t\t<div class=\"elementor-cta__description elementor-cta__content-item elementor-content-item\">\n\t\t\t\t\t\tPorte de Versailles - Paris, February 22 - 2 march 2025\t\t\t\t\t<\/div>\n\t\t\t\t\n\t\t\t\t\t\t\t<\/div>\n\t\t\t\t\t\t<\/div>\n\t\t\t\t\t\t<\/div>\n\t\t\t\t<div class=\"elementor-element elementor-element-d28ff03 elementor-widget elementor-widget-button\" data-id=\"d28ff03\" data-element_type=\"widget\" data-e-type=\"widget\" data-widget_type=\"button.default\">\n\t\t\t\t\t\t\t\t\t\t<a class=\"elementor-button elementor-button-link elementor-size-sm\" href=\"#\">\n\t\t\t\t\t\t<span class=\"elementor-button-content-wrapper\">\n\t\t\t\t\t\t<span class=\"elementor-button-icon\">\n\t\t\t\t<svg aria-hidden=\"true\" class=\"e-font-icon-svg e-fas-chevron-right\" viewbox=\"0 0 320 512\" xmlns=\"http:\/\/www.w3.org\/2000\/svg\"><path d=\"M285.476 272.971L91.132 467.314c-9.373 9.373-24.569 9.373-33.941 0l-22.667-22.667c-9.357-9.357-9.375-24.522-.04-33.901L188.505 256 34.484 101.255c-9.335-9.379-9.317-24.544.04-33.901l22.667-22.667c9.373-9.373 24.569-9.373 33.941 0L285.475 239.03c9.373 9.372 9.373 24.568.001 33.941z\"><\/path><\/svg>\t\t\t<\/span>\n\t\t\t\t\t\t\t\t\t<span class=\"elementor-button-text\">Site web de l'\u00e9v\u00e9nement<\/span>\n\t\t\t\t\t<\/span>\n\t\t\t\t\t<\/a>\n\t\t\t\t\t\t\t\t<\/div>\n\t\t\t\t<\/div>\n\t\t\t\t<\/div>\n\t\t\t\t\t<\/div>\n\t\t\t\t<\/div>\n\t\t<div class=\"elementor-element elementor-element-7b0439f e-flex e-con-boxed e-con e-parent\" data-id=\"7b0439f\" data-element_type=\"container\" data-e-type=\"container\" data-settings=\"{&quot;background_background&quot;:&quot;classic&quot;}\">\n\t\t\t\t\t<div class=\"e-con-inner\">\n\t\t<a class=\"elementor-element elementor-element-ab0dbf4 e-con-full follow-us e-flex e-con e-child\" data-id=\"ab0dbf4\" data-element_type=\"container\" data-e-type=\"container\" href=\"https:\/\/www.linkedin.com\/company\/frogcast\/\">\n\t\t\t\t<div class=\"elementor-element elementor-element-aff8315 elementor-widget elementor-widget-image\" data-id=\"aff8315\" data-element_type=\"widget\" data-e-type=\"widget\" data-widget_type=\"image.default\">\n\t\t\t\t\t\t\t\t\t\t\t\t\t\t\t<img decoding=\"async\" width=\"72\" height=\"72\" src=\"https:\/\/frogcast.com\/wp-content\/uploads\/2025\/10\/LinkedIn_icon.svg\" class=\"attachment-large size-large wp-image-2068\" alt=\"LinkedIn icon for FROGCAST communication\" \/>\t\t\t\t\t\t\t\t\t\t\t\t\t\t\t<\/div>\n\t\t<div class=\"elementor-element elementor-element-8a2758b e-con-full e-flex e-con e-child\" data-id=\"8a2758b\" data-element_type=\"container\" data-e-type=\"container\">\n\t\t\t\t<div class=\"elementor-element elementor-element-2d51f1b elementor-widget elementor-widget-heading\" data-id=\"2d51f1b\" data-element_type=\"widget\" data-e-type=\"widget\" data-widget_type=\"heading.default\">\n\t\t\t\t\t<h2 class=\"elementor-heading-title elementor-size-default\">Suivez-nous sur LinkedIn<\/h2>\t\t\t\t<\/div>\n\t\t\t\t<div class=\"elementor-element elementor-element-06ae27e elementor-widget elementor-widget-text-editor\" data-id=\"06ae27e\" data-element_type=\"widget\" data-e-type=\"widget\" data-widget_type=\"text-editor.default\">\n\t\t\t\t\t\t\t\t\t<p>Et ne manquez plus nos actualit\u00e9s !<\/p>\t\t\t\t\t\t\t\t<\/div>\n\t\t\t\t<\/div>\n\t\t\t\t<\/a>\n\t\t\t\t\t<\/div>\n\t\t\t\t<\/div>\n\t\t\t\t<\/div>","protected":false},"excerpt":{"rendered":"<p>Our upcoming event Meet our experts! FROGCAST at Intersolar Europe June 23\u201325, 2026, Messe M\u00fcnchen FROGCAST will be exhibiting at Intersolar Europe 2026 in Munich, sharing the stand with Steadysun. As a provider of high-precision weather forecasting solutions for professional applications worldwide, FROGCAST supports decision-making wherever weather impacts operations, performance, or risk management. Although Intersolar [&hellip;]<\/p>\n","protected":false},"author":1,"featured_media":0,"parent":0,"menu_order":0,"comment_status":"closed","ping_status":"closed","template":"","meta":{"footnotes":""},"class_list":["post-2036","page","type-page","status-publish","hentry"],"yoast_head":"<!-- This site is optimized with the Yoast SEO plugin v27.3 - https:\/\/yoast.com\/product\/yoast-seo-wordpress\/ -->\n<title>Calendar of trade shows and events | FROGCAST<\/title>\n<meta name=\"description\" content=\"Discover our upcoming events worldwide and meet our experts at trade shows, conferences, and industry gatherings.\" \/>\n<meta name=\"robots\" content=\"index, follow, max-snippet:-1, max-image-preview:large, max-video-preview:-1\" \/>\n<link rel=\"canonical\" href=\"https:\/\/frogcast.com\/fr\/agenda\/\" \/>\n<meta property=\"og:locale\" content=\"fr_FR\" \/>\n<meta property=\"og:type\" content=\"article\" \/>\n<meta property=\"og:title\" content=\"Frogcast Events \u2013 Meet Our Experts Worldwide\" \/>\n<meta property=\"og:description\" content=\"Explore upcoming Frogcast events and connect with our team at leading trade shows and conferences. Learn how our forecasts support better decisions in agriculture and logistics.\" \/>\n<meta property=\"og:url\" content=\"https:\/\/frogcast.com\/fr\/agenda\/\" \/>\n<meta property=\"og:site_name\" content=\"FROGCAST\" \/>\n<meta property=\"article:modified_time\" content=\"2026-02-13T09:57:12+00:00\" \/>\n<meta property=\"og:image\" content=\"https:\/\/frogcast.com\/wp-content\/uploads\/2026\/02\/intersolar_logo-1024x1024.png\" \/>\n<meta name=\"twitter:card\" content=\"summary_large_image\" \/>\n<meta name=\"twitter:title\" content=\"Frogcast Upcoming Events\" \/>\n<meta name=\"twitter:description\" content=\"Meet Frogcast experts at upcoming international events and discover how weather intelligence empowers smarter operations.\" \/>\n<meta name=\"twitter:site\" content=\"@Frogcast_API\" \/>\n<meta name=\"twitter:label1\" content=\"Dur\u00e9e de lecture estim\u00e9e\" \/>\n\t<meta name=\"twitter:data1\" content=\"2 minutes\" \/>\n<script type=\"application\/ld+json\" class=\"yoast-schema-graph\">{\"@context\":\"https:\\\/\\\/schema.org\",\"@graph\":[{\"@type\":[\"WebPage\",\"CollectionPage\"],\"@id\":\"https:\\\/\\\/frogcast.com\\\/calendar\\\/\",\"url\":\"https:\\\/\\\/frogcast.com\\\/calendar\\\/\",\"name\":\"Calendar of trade shows and events | FROGCAST\",\"isPartOf\":{\"@id\":\"https:\\\/\\\/frogcast.com\\\/#website\"},\"primaryImageOfPage\":{\"@id\":\"https:\\\/\\\/frogcast.com\\\/calendar\\\/#primaryimage\"},\"image\":{\"@id\":\"https:\\\/\\\/frogcast.com\\\/calendar\\\/#primaryimage\"},\"thumbnailUrl\":\"https:\\\/\\\/frogcast.com\\\/wp-content\\\/uploads\\\/2026\\\/02\\\/intersolar_logo-1024x1024.png\",\"datePublished\":\"2025-10-27T15:40:10+00:00\",\"dateModified\":\"2026-02-13T09:57:12+00:00\",\"description\":\"Discover our upcoming events worldwide and meet our experts at trade shows, conferences, and industry gatherings.\",\"breadcrumb\":{\"@id\":\"https:\\\/\\\/frogcast.com\\\/calendar\\\/#breadcrumb\"},\"inLanguage\":\"fr-FR\"},{\"@type\":\"ImageObject\",\"inLanguage\":\"fr-FR\",\"@id\":\"https:\\\/\\\/frogcast.com\\\/calendar\\\/#primaryimage\",\"url\":\"https:\\\/\\\/frogcast.com\\\/wp-content\\\/uploads\\\/2026\\\/02\\\/intersolar_logo-1024x1024.png\",\"contentUrl\":\"https:\\\/\\\/frogcast.com\\\/wp-content\\\/uploads\\\/2026\\\/02\\\/intersolar_logo-1024x1024.png\"},{\"@type\":\"BreadcrumbList\",\"@id\":\"https:\\\/\\\/frogcast.com\\\/calendar\\\/#breadcrumb\",\"itemListElement\":[{\"@type\":\"ListItem\",\"position\":1,\"name\":\"Home\",\"item\":\"https:\\\/\\\/frogcast.com\\\/\"},{\"@type\":\"ListItem\",\"position\":2,\"name\":\"Calendar of trade shows and events\"}]},{\"@type\":\"WebSite\",\"@id\":\"https:\\\/\\\/frogcast.com\\\/#website\",\"url\":\"https:\\\/\\\/frogcast.com\\\/\",\"name\":\"FROGCAST\",\"description\":\"Weather forecast API\",\"publisher\":{\"@id\":\"https:\\\/\\\/frogcast.com\\\/#organization\"},\"potentialAction\":[{\"@type\":\"SearchAction\",\"target\":{\"@type\":\"EntryPoint\",\"urlTemplate\":\"https:\\\/\\\/frogcast.com\\\/?s={search_term_string}\"},\"query-input\":{\"@type\":\"PropertyValueSpecification\",\"valueRequired\":true,\"valueName\":\"search_term_string\"}}],\"inLanguage\":\"fr-FR\"},{\"@type\":\"Organization\",\"@id\":\"https:\\\/\\\/frogcast.com\\\/#organization\",\"name\":\"QUOS Group\",\"alternateName\":\"FROGCAST\",\"url\":\"https:\\\/\\\/frogcast.com\\\/\",\"logo\":{\"@type\":\"ImageObject\",\"inLanguage\":\"fr-FR\",\"@id\":\"https:\\\/\\\/frogcast.com\\\/#\\\/schema\\\/logo\\\/image\\\/\",\"url\":\"https:\\\/\\\/frogcast.com\\\/wp-content\\\/uploads\\\/2025\\\/10\\\/cropped-frogcast-favicon.png\",\"contentUrl\":\"https:\\\/\\\/frogcast.com\\\/wp-content\\\/uploads\\\/2025\\\/10\\\/cropped-frogcast-favicon.png\",\"width\":512,\"height\":512,\"caption\":\"QUOS Group\"},\"image\":{\"@id\":\"https:\\\/\\\/frogcast.com\\\/#\\\/schema\\\/logo\\\/image\\\/\"},\"sameAs\":[\"https:\\\/\\\/x.com\\\/Frogcast_API\",\"https:\\\/\\\/www.linkedin.com\\\/company\\\/frogcast\\\/\",\"https:\\\/\\\/www.youtube.com\\\/@Frogcast_API\",\"https:\\\/\\\/www.reddit.com\\\/user\\\/Frogcast_API\\\/\"],\"address\":{\"@type\":\"PostalAddress\",\"streetAddress\":\"65 Av. du Lac du Bourget\",\"addressLocality\":\"Le Bourget-du-Lac\",\"postalCode\":\"73370\",\"addressCountry\":\"FR\"}}]}<\/script>\n<!-- \/ Yoast SEO plugin. -->","yoast_head_json":{"title":"Calendrier des salons et \u00e9v\u00e9nements | FROGCAST","description":"D\u00e9couvrez nos prochains \u00e9v\u00e9nements dans le monde et rencontrez nos experts lors de salons, conf\u00e9rences et rencontres professionnelles.","robots":{"index":"index","follow":"follow","max-snippet":"max-snippet:-1","max-image-preview":"max-image-preview:large","max-video-preview":"max-video-preview:-1"},"canonical":"https:\/\/frogcast.com\/fr\/agenda\/","og_locale":"fr_FR","og_type":"article","og_title":"Frogcast Events \u2013 Meet Our Experts Worldwide","og_description":"Explore upcoming Frogcast events and connect with our team at leading trade shows and conferences. Learn how our forecasts support better decisions in agriculture and logistics.","og_url":"https:\/\/frogcast.com\/fr\/agenda\/","og_site_name":"FROGCAST","article_modified_time":"2026-02-13T09:57:12+00:00","og_image":[{"url":"https:\/\/frogcast.com\/wp-content\/uploads\/2026\/02\/intersolar_logo-1024x1024.png","type":"","width":"","height":""}],"twitter_card":"summary_large_image","twitter_title":"Frogcast Upcoming Events","twitter_description":"Meet Frogcast experts at upcoming international events and discover how weather intelligence empowers smarter operations.","twitter_site":"@Frogcast_API","twitter_misc":{"Dur\u00e9e de lecture estim\u00e9e":"2 minutes"},"schema":{"@context":"https:\/\/schema.org","@graph":[{"@type":["WebPage","CollectionPage"],"@id":"https:\/\/frogcast.com\/calendar\/","url":"https:\/\/frogcast.com\/calendar\/","name":"Calendrier des salons et \u00e9v\u00e9nements | FROGCAST","isPartOf":{"@id":"https:\/\/frogcast.com\/#website"},"primaryImageOfPage":{"@id":"https:\/\/frogcast.com\/calendar\/#primaryimage"},"image":{"@id":"https:\/\/frogcast.com\/calendar\/#primaryimage"},"thumbnailUrl":"https:\/\/frogcast.com\/wp-content\/uploads\/2026\/02\/intersolar_logo-1024x1024.png","datePublished":"2025-10-27T15:40:10+00:00","dateModified":"2026-02-13T09:57:12+00:00","description":"D\u00e9couvrez nos prochains \u00e9v\u00e9nements dans le monde et rencontrez nos experts lors de salons, conf\u00e9rences et rencontres professionnelles.","breadcrumb":{"@id":"https:\/\/frogcast.com\/calendar\/#breadcrumb"},"inLanguage":"fr-FR"},{"@type":"ImageObject","inLanguage":"fr-FR","@id":"https:\/\/frogcast.com\/calendar\/#primaryimage","url":"https:\/\/frogcast.com\/wp-content\/uploads\/2026\/02\/intersolar_logo-1024x1024.png","contentUrl":"https:\/\/frogcast.com\/wp-content\/uploads\/2026\/02\/intersolar_logo-1024x1024.png"},{"@type":"BreadcrumbList","@id":"https:\/\/frogcast.com\/calendar\/#breadcrumb","itemListElement":[{"@type":"ListItem","position":1,"name":"Home","item":"https:\/\/frogcast.com\/"},{"@type":"ListItem","position":2,"name":"Calendar of trade shows and events"}]},{"@type":"WebSite","@id":"https:\/\/frogcast.com\/#website","url":"https:\/\/frogcast.com\/","name":"FROGCAST","description":"Weather forecast API","publisher":{"@id":"https:\/\/frogcast.com\/#organization"},"potentialAction":[{"@type":"SearchAction","target":{"@type":"EntryPoint","urlTemplate":"https:\/\/frogcast.com\/?s={search_term_string}"},"query-input":{"@type":"PropertyValueSpecification","valueRequired":true,"valueName":"search_term_string"}}],"inLanguage":"fr-FR"},{"@type":"Organization","@id":"https:\/\/frogcast.com\/#organization","name":"QUOS Group","alternateName":"FROGCAST","url":"https:\/\/frogcast.com\/","logo":{"@type":"ImageObject","inLanguage":"fr-FR","@id":"https:\/\/frogcast.com\/#\/schema\/logo\/image\/","url":"https:\/\/frogcast.com\/wp-content\/uploads\/2025\/10\/cropped-frogcast-favicon.png","contentUrl":"https:\/\/frogcast.com\/wp-content\/uploads\/2025\/10\/cropped-frogcast-favicon.png","width":512,"height":512,"caption":"QUOS Group"},"image":{"@id":"https:\/\/frogcast.com\/#\/schema\/logo\/image\/"},"sameAs":["https:\/\/x.com\/Frogcast_API","https:\/\/www.linkedin.com\/company\/frogcast\/","https:\/\/www.youtube.com\/@Frogcast_API","https:\/\/www.reddit.com\/user\/Frogcast_API\/"],"address":{"@type":"PostalAddress","streetAddress":"65 Av. du Lac du Bourget","addressLocality":"Le Bourget-du-Lac","postalCode":"73370","addressCountry":"FR"}}]}},"_links":{"self":[{"href":"https:\/\/frogcast.com\/fr\/wp-json\/wp\/v2\/pages\/2036","targetHints":{"allow":["GET"]}}],"collection":[{"href":"https:\/\/frogcast.com\/fr\/wp-json\/wp\/v2\/pages"}],"about":[{"href":"https:\/\/frogcast.com\/fr\/wp-json\/wp\/v2\/types\/page"}],"author":[{"embeddable":true,"href":"https:\/\/frogcast.com\/fr\/wp-json\/wp\/v2\/users\/1"}],"replies":[{"embeddable":true,"href":"https:\/\/frogcast.com\/fr\/wp-json\/wp\/v2\/comments?post=2036"}],"version-history":[{"count":0,"href":"https:\/\/frogcast.com\/fr\/wp-json\/wp\/v2\/pages\/2036\/revisions"}],"wp:attachment":[{"href":"https:\/\/frogcast.com\/fr\/wp-json\/wp\/v2\/media?parent=2036"}],"curies":[{"name":"wp","href":"https:\/\/api.w.org\/{rel}","templated":true}]}}